{"id":421,"date":"2013-06-13T07:48:46","date_gmt":"2013-06-13T05:48:46","guid":{"rendered":"http:\/\/impreza.us-themes.net\/home-landing-page\/"},"modified":"2022-06-30T11:40:09","modified_gmt":"2022-06-30T09:40:09","slug":"inkaska-ceska-inkasni-spolecnost","status":"publish","type":"page","link":"https:\/\/www.inkaska.cz\/","title":{"rendered":"Inkaska &#8211; \u010cesk\u00e1 inkasn\u00ed spole\u010dnost"},"content":{"rendered":"<p>[vc_row height=&#8220;full&#8220; us_bg_image=&#8220;5992&#8243; us_bg_size=&#8220;contain&#8220; us_bg_repeat=&#8220;no-repeat&#8220; us_bg_pos=&#8220;bottom left&#8220; us_bg_parallax=&#8220;still&#8220; us_bg_overlay_color=&#8220;rgba(0,0,0,0.03)&#8220; el_class=&#8220;remove_bg_xs&#8220;][vc_column animate=&#8220;aft&#8220; animate_delay=&#8220;1&#8243;][us_separator type=&#8220;invisible&#8220;][vc_custom_heading text=&#8220;VYM\u00c1H\u00c1ME POHLED\u00c1VKY&#8220; font_container=&#8220;tag:h1|text_align:center|color:%23000000|line_height:1.1&#8243; use_theme_fonts=&#8220;yes&#8220; el_class=&#8220;no-margin&#8220;][cl-itext texts=&#8220;RYCHLE<br \/>\nEFEKTIVN\u011a<br \/>\nSPOLEHLIV\u011a&#8220; dynamic_bold=&#8220;&#8220; delay=&#8220;3&#8243; font_size=&#8220;&#8220; font_size_mobile=&#8220;&#8220; color=&#8220;#000000&#8243; dynamic_color=&#8220;#d33f3f&#8220;][us_btn text=&#8220;Poj\u010fme na to&#8220; link=&#8220;url:%23about&#8220; align=&#8220;center&#8220; icon=&#8220;keyboard arrow down&#8220; iconpos=&#8220;right&#8220; hover=&#8220;secondary&#8220; outlined=&#8220;yes&#8220; hide_icon=&#8220;yes&#8220; bolded=&#8220;yes&#8220;][\/vc_column][\/vc_row][vc_row content_placement=&#8220;middle&#8220; height=&#8220;large&#8220; el_id=&#8220;about&#8220;][vc_column width=&#8220;7\/12&#8243;][vc_column_text]<\/p>\n<h2>Jsme \u010cesk\u00e1 inkasn\u00ed spole\u010dnost<\/h2>\n<p>Sv\u00fdmi kvalitn\u00edmi a profesion\u00e1ln\u00edmi slu\u017ebami V\u00e1m r\u00e1di pom\u016f\u017eeme s cel\u00fdm procesem vym\u00e1h\u00e1n\u00ed od mimosoudn\u00edho vym\u00e1h\u00e1n\u00ed v\u010detn\u011b sepisu not\u00e1\u0159sk\u00fdch z\u00e1pis\u016f s dolo\u017ekou p\u0159\u00edm\u00e9 vykonatelnosti, a\u017e po soudn\u00ed a exeku\u010dn\u00ed \u0159\u00edzen\u00ed ve spojen\u00ed s na\u0161imi spolupracuj\u00edc\u00edmi spole\u010dnostmi.<\/p>\n<p>Zakl\u00e1d\u00e1me si na zku\u0161enosti na\u0161ich zam\u011bstnanc\u016f a jejich osobn\u00edm rozvoji. Neust\u00e1le zdokonalujeme n\u00e1\u0161 proces tak, abychom dos\u00e1hli co nejlep\u0161\u00edch v\u00fdsledk\u016f a Va\u0161\u00ed spokojenosti.[\/vc_column_text][us_separator type=&#8220;invisible&#8220; size=&#8220;small&#8220;][us_btn text=&#8220;Slu\u017eby&#8220; link=&#8220;url:%23services|||&#8220; align=&#8220;center&#8220; icon=&#8220;settings&#8220; hover=&#8220;secondary&#8220; corners=&#8220;2&#8243; hide_icon=&#8220;yes&#8220;][\/vc_column][vc_column width=&#8220;5\/12&#8243;][us_single_image image=&#8220;5995&#8243; size=&#8220;full&#8220; align=&#8220;center&#8220; animate=&#8220;afr&#8220; animate_delay=&#8220;0.2&#8243; css=&#8220;.vc_custom_1507111484196{background-position: center !important;background-repeat: no-repeat !important;background-size: contain !important;}&#8220; img_size=&#8220;full&#8220;][\/vc_column][\/vc_row][vc_row height=&#8220;large&#8220; color_scheme=&#8220;alternate&#8220;][vc_column width=&#8220;1\/2&#8243; offset=&#8220;vc_col-md-3&#8243;][us_counter target=&#8220;1426&#8243; size=&#8220;small&#8220; title=&#8220;\u0158e\u0161en\u00fdch pohled\u00e1vek&#8220;][\/vc_column][vc_column width=&#8220;1\/2&#8243; offset=&#8220;vc_col-md-3&#8243;][us_counter target=&#8220;7785230&#8243; color=&#8220;primary&#8220; size=&#8220;small&#8220; title=&#8220;Inkasovan\u00fdch K\u010d&#8220;][\/vc_column][vc_column width=&#8220;1\/2&#8243; offset=&#8220;vc_col-md-3&#8243;][us_counter target=&#8220;94&#8243; suffix=&#8220; %&#8220; size=&#8220;small&#8220; title=&#8220;\u00dasp\u011b\u0161nost vym\u00e1h\u00e1n\u00ed&#8220;][\/vc_column][vc_column width=&#8220;1\/2&#8243; offset=&#8220;vc_col-md-3&#8243;][us_counter target=&#8220;126&#8243; color=&#8220;primary&#8220; size=&#8220;small&#8220; title=&#8220;Spokojen\u00fdch klient\u016f&#8220;][\/vc_column][\/vc_row][vc_row content_placement=&#8220;middle&#8220; columns_type=&#8220;boxes&#8220; height=&#8220;auto&#8220; width=&#8220;full&#8220; el_id=&#8220;services&#8220;][vc_column width=&#8220;5\/12&#8243; css=&#8220;.vc_custom_1507127114765{background: #dddddd url(https:\/\/www.inkaska.cz\/wp-content\/uploads\/2013\/06\/agreement-2548142_1920.jpg?id=5998) !important;background-position: center !important;background-repeat: no-repeat !important;background-size: cover !important;}&#8220;][vc_empty_space height=&#8220;200px&#8220;][\/vc_column][vc_column width=&#8220;7\/12&#8243;][vc_column_text]<\/p>\n<h2>Slu\u017eby pro klienty<\/h2>\n<p>Zakl\u00e1d\u00e1me si na profesionalit\u011b a d\u016fkladn\u00e9m pro\u0161kolen\u00ed zam\u011bstnanc\u016f. Velk\u00fd d\u016fraz klademe na dobr\u00e9 jm\u00e9no Va\u0161\u00ed spole\u010dnosti p\u0159ed dlu\u017en\u00edky, ale i \u0161irokou ve\u0159ejnost\u00ed, nebo\u0165 p\u0159i spr\u00e1v\u011b pohled\u00e1vek neust\u00e1le vystupujeme Va\u0161\u00edm jm\u00e9nem. Dlu\u017en\u00edky je toto vn\u00edm\u00e1no tak, \u017ee si jich nad\u00e1le v\u00e1\u017e\u00edte a pohled\u00e1vky \u0159e\u0161\u00edte sm\u00edrnou cestou.<\/p>\n<p>Pro na\u0161e sou\u010dasn\u00e9 i potencion\u00e1ln\u00ed klienty nab\u00edz\u00edme \u0161irokou \u0161k\u00e1lu slu\u017eeb:[\/vc_column_text][vc_tta_tabs layout=&#8220;modern&#8220; stretch=&#8220;1&#8243; type=&#8220;2&#8243;][vc_tta_section icon=&#8220;folder shared&#8220; title=&#8220;Spr\u00e1va pohled\u00e1vek&#8220; tab_id=&#8220;1505683144839-2beae63f-5583&#8243;][vc_column_text]Jakmile se rozhodnete pro p\u0159ed\u00e1n\u00ed pohled\u00e1vky do na\u0161\u00ed spr\u00e1vy, okam\u017eit\u011b zah\u00e1j\u00edme proces vytvo\u0159en\u00ed datab\u00e1ze, koresponden\u010dn\u00edch v\u00fdzev, odesl\u00e1n\u00ed SMS zpr\u00e1v i e-mail\u016f a to v\u0161e nejpozd\u011bji do 3 dn\u016f.<\/p>\n<p>Na\u0161i specialist\u00e9 telefonn\u00edho vym\u00e1h\u00e1n\u00ed domluv\u00ed s\u00a0dlu\u017en\u00edkem v\u0161e pot\u0159ebn\u00e9 k\u00a0\u00fahrad\u011b Va\u0161\u00ed pohled\u00e1vky a k\u00a0dosa\u017een\u00ed spokojenosti na obou stran\u00e1ch. Vyu\u017e\u00edv\u00e1me modern\u00edch technologi\u00ed a aktivn\u011b reagujeme na jak\u00fdkoliv kontakt od dlu\u017en\u00edka. Dlu\u017en\u00edk m\u00e1 mo\u017enost Va\u0161i pohled\u00e1vku uhradit jednor\u00e1zov\u011b \u010di v\u00a0pravideln\u00fdch spl\u00e1tk\u00e1ch dle sepsan\u00e9ho not\u00e1\u0159sk\u00e9ho z\u00e1pisu s dolo\u017ekou p\u0159\u00edm\u00e9 vykonatelnosti. V\u00a0p\u0159\u00edpad\u011b, \u017ee dlu\u017en\u00edk poru\u0161\u00ed tuto domluvu, lze takto sepsan\u00fd not\u00e1\u0159sk\u00fd z\u00e1pis vyu\u017e\u00edt jako exeku\u010dn\u00ed titul.<\/p>\n<p>V\u00a0p\u0159\u00edpad\u011b, \u017ee vym\u00e1h\u00e1n\u00ed \u201eod stolu\u201c nebude \u00fasp\u011b\u0161n\u00e9 a nebude zaji\u0161t\u011bn sepis not\u00e1\u0159sk\u00e9ho z\u00e1pisu s\u00a0dolo\u017ekou p\u0159\u00edm\u00e9 vykonatelnosti, p\u0159ikro\u010d\u00edme k\u00a0osobn\u00edm n\u00e1v\u0161t\u011bv\u00e1m, kter\u00e9 ze sv\u00e9 podstaty v\u00fdznamn\u011b zvy\u0161uj\u00ed \u00fasp\u011b\u0161nost vymo\u017een\u00ed, nebo uzav\u0159en\u00ed not\u00e1\u0159sk\u00e9ho z\u00e1pisu. Z\u00a0t\u00e9to n\u00e1v\u0161t\u011bvy po\u0159\u00edd\u00edme z\u00e1znam a zpracujeme protokol.<\/p>\n<p>Pravideln\u011b zas\u00edl\u00e1me vyhodnocov\u00e1n\u00ed zpracov\u00e1van\u00fdch \u00fadaj\u016f a dosa\u017een\u00fdch v\u00fdsledk\u016f, tzv. reporting, klientovi.[\/vc_column_text][\/vc_tta_section][vc_tta_section icon=&#8220;account balance wallet&#8220; title=&#8220;Odkup pohled\u00e1vek&#8220; tab_id=&#8220;1505683144843-33fe227f-1846&#8243;][vc_column_text]Specializujeme se na odkup pohled\u00e1vek jak od fyzick\u00fdch, tak od pr\u00e1vnick\u00fdch osob. Vzhledem k vysok\u00e9mu procentu \u00fasp\u011b\u0161nosti m\u016f\u017eeme nab\u00eddnout v\u00fdhodnou kupn\u00ed cenu, kter\u00e1 odpov\u00edd\u00e1 sou\u010dasn\u00e9mu stavu pohled\u00e1vky.<\/p>\n<p>Kone\u010dnou cenu ovliv\u0148uje v\u00fd\u0161e pohled\u00e1vky, st\u00e1\u0159\u00ed, zaji\u0161t\u011bn\u00ed a v neposledn\u00ed \u0159ad\u011b i velikost odkupovan\u00e9ho portfolia.[\/vc_column_text][\/vc_tta_section][vc_tta_section icon=&#8220;gavel&#8220; title=&#8220;Soudn\u00ed a exeku\u010dn\u00ed \u0159\u00edzen\u00ed&#8220; tab_id=&#8220;1505683144846-95758dc6-7b0e&#8220;][vc_column_text]D\u00edky na\u0161im partner\u016fm a spolupracovn\u00edk\u016fm dok\u00e1\u017eeme zprost\u0159edkovat soudn\u00ed i exeku\u010dn\u00ed \u0159\u00edzen\u00ed.<br \/>\nExeku\u010dn\u00ed proces je zah\u00e1jen doru\u010den\u00edm exeku\u010dn\u00edho n\u00e1vrhu soudn\u00edmu exekutorovi spolu s exeku\u010dn\u00edm titulem, kdy po vyd\u00e1n\u00ed pov\u011b\u0159en\u00ed k\u00a0proveden\u00ed exekuce soudem a jeho doru\u010den\u00ed zp\u011bt soudn\u00edmu exekutorovi nast\u00e1v\u00e1 f\u00e1ze zji\u0161\u0165ov\u00e1n\u00ed posti\u017eiteln\u00e9ho majetku dlu\u017en\u00edka.<\/p>\n<p>Zpracov\u00e1n\u00edm a optim\u00e1ln\u00edm nastaven\u00edm proces\u016f v soudn\u00ed f\u00e1zi vym\u00e1h\u00e1n\u00ed pohled\u00e1vek je pov\u011b\u0159en speci\u00e1ln\u00ed pracovn\u00ed t\u00fdm, slo\u017een\u00fd z pr\u00e1vn\u00edk\u016f a administrativn\u00edch pracovn\u00edk\u016f.[\/vc_column_text][\/vc_tta_section][\/vc_tta_tabs][ultimate_spacer height=&#8220;30&#8243; height_on_tabs=&#8220;30&#8243; height_on_tabs_portrait=&#8220;30&#8243; height_on_mob_landscape=&#8220;30&#8243; height_on_mob=&#8220;30&#8243;][us_btn text=&#8220;Kontaktujte n\u00e1s&#8220; link=&#8220;url:%23contact|||&#8220; align=&#8220;center&#8220; icon=&#8220;mail&#8220; hover=&#8220;secondary&#8220; corners=&#8220;2&#8243; hide_icon=&#8220;yes&#8220;][us_separator type=&#8220;invisible&#8220;][\/vc_column][\/vc_row][vc_row content_placement=&#8220;middle&#8220; columns_type=&#8220;boxes&#8220; height=&#8220;auto&#8220; width=&#8220;full&#8220; el_id=&#8220;dluznik&#8220;][vc_column width=&#8220;7\/12&#8243;][vc_column_text]<\/p>\n<h2>Obdr\u017eeli jste od n\u00e1s p\u00edsemnou v\u00fdzvu?<\/h2>\n<p>Nev\u00edte, jak m\u00e1te v tuto chv\u00edli postupovat? Porad\u00edme V\u00e1m, jak na to.<\/p>\n<p><strong>1.<\/strong> Obratem n\u00e1s kontaktujte telefonicky \u010di e-mailem. V\u010dasn\u00e9 \u0159e\u0161en\u00ed dluh\u016f zabr\u00e1n\u00ed jejich dal\u0161\u00edmu nav\u00fd\u0161en\u00ed.<\/p>\n<p><strong>2.<\/strong> Co budete pot\u0159ebovat ke komunikaci s n\u00e1mi?<br \/>\nK Va\u0161\u00ed identifikaci po\u017eadujeme Va\u0161e cel\u00e9 jm\u00e9no, datum narozen\u00ed a spisovou zna\u010dku z v\u00fdzvy, kterou jste obdr\u017eeli.<\/p>\n<p><strong>3.<\/strong> Je dobr\u00e9 si uv\u011bdomit, \u017ee V\u00e1\u0161 v\u011b\u0159itel m\u016f\u017ee postupovat soudn\u00ed cestou a n\u00e1sledn\u011b svou pohled\u00e1vku vym\u00e1hat skrze soudn\u00edho exekutora, pokud sv\u016fj dluh nebudete \u0159e\u0161it. Neodmysliteln\u011b k tomu pat\u0159\u00ed nav\u00fd\u0161en\u00ed Va\u0161eho dluhu o soudn\u00ed n\u00e1klady, n\u00e1klady exekuce a jin\u00e9 v\u00fdlohy.[\/vc_column_text][\/vc_column][vc_column width=&#8220;5\/12&#8243; css=&#8220;.vc_custom_1507276192471{background: #dddddd url(https:\/\/www.inkaska.cz\/wp-content\/uploads\/2013\/06\/man-2635036_1920.jpg?id=6016) !important;background-position: center !important;background-repeat: no-repeat !important;background-size: cover !important;}&#8220;][vc_empty_space height=&#8220;200px&#8220;][\/vc_column][\/vc_row][vc_row height=&#8220;large&#8220; color_scheme=&#8220;alternate&#8220;][vc_column][vc_column_text]<\/p>\n<h2 style=\"text-align: center;\">Na\u0161e reference<\/h2>\n<p>[\/vc_column_text][us_separator type=&#8220;short&#8220; icon=&#8220;all inclusive&#8220;][vc_row_inner][vc_column_inner width=&#8220;1\/2&#8243;][vc_column_text]\u010cesk\u00e1 inkasn\u00ed spole\u010dnost s.r.o. spolupracuje s \u0159adou klient\u016f z r\u016fzn\u00fdch obor\u016f. Jsme schopni nab\u00eddnout \u0161irokou \u0161k\u00e1lu podpory a slu\u017eeb p\u0159i vym\u00e1h\u00e1n\u00ed pohled\u00e1vek a \u0159\u00edd\u00edme se p\u0159\u00e1n\u00edmi a po\u017eadavky na\u0161ich klient\u016f.<\/p>\n<p>M\u00e1me praktick\u00e9 zku\u0161enosti zejm\u00e9na s vym\u00e1h\u00e1n\u00edm pohled\u00e1vek v oblasti \u0161kolstv\u00ed. Spolupracujeme se \u0161kolami mate\u0159sk\u00fdmi, z\u00e1kladn\u00edmi, st\u0159edn\u00edmi i vysok\u00fdmi nap\u0159. V\u0160FS a.s., M\u0160 a Gymn\u00e1zium Duhovka, Bankovn\u00ed akademie a.s..[\/vc_column_text][\/vc_column_inner][vc_column_inner width=&#8220;1\/2&#8243;][vc_column_text]<strong>D\u00e1le jsou v\u00a0na\u0161\u00ed klientele:<br \/>\n<\/strong>obce, spr\u00e1vn\u00ed firmy, bankovn\u00ed instituce, leasingov\u00e9 spole\u010dnosti, ostatn\u00ed finan\u010dn\u00ed spole\u010dnosti, a dal\u0161\u00ed podnikatelsk\u00e9 subjekty v \u010cR.<\/p>\n<p>[\/vc_column_text][\/vc_column_inner][\/vc_row_inner][us_separator type=&#8220;invisible&#8220; size=&#8220;large&#8220;][vc_column_text]<\/p>\n<h4 style=\"text-align: center;\">Na\u0161i partne\u0159i a spolupracovn\u00edci<\/h4>\n<p>[\/vc_column_text][us_separator type=&#8220;short&#8220; icon=&#8220;all inclusive&#8220;][vc_row_inner][vc_column_inner width=&#8220;1\/4&#8243;][us_iconbox icon=&#8220;gavel&#8220; title=&#8220;JUDr. Marcela Veberov\u00e1,\u00a0not\u00e1\u0159ka&#8220; title_tag=&#8220;h5&#8243;]Fry\u0161t\u00e1tsk\u00e1 81\/18<br \/>\nKarvin\u00e1<br \/>\nI\u010c: 66202809<br \/>\nDI\u010c: CZ5958051770[\/us_iconbox][\/vc_column_inner][vc_column_inner width=&#8220;1\/4&#8243;][us_iconbox icon=&#8220;gavel&#8220; title=&#8220;Mgr. Zuzana Grosamov\u00e1, soudn\u00ed exekutorka&#8220; title_tag=&#8220;h5&#8243;]Exekutorsk\u00fd \u00fa\u0159ad Praha 6<br \/>\nEvropsk\u00e1 2588\/33A<br \/>\n160 00 Praha 6 &#8211; Dejvice<br \/>\n(Hadovka Office Park, budova A)<br \/>\nI\u010c: 01385437<br \/>\nDI\u010c: CZ8158300150[\/us_iconbox][\/vc_column_inner][vc_column_inner width=&#8220;1\/4&#8243;][us_iconbox icon=&#8220;gavel&#8220; title=&#8220;Advok\u00e1tn\u00ed kancel\u00e1\u0159 DAJBYCH &amp; J\u00cdRA&#8220; title_tag=&#8220;h5&#8243;]Vinohradsk\u00e1 3330\/220a<br \/>\n100 00 Praha 10<br \/>\nI\u010c: 29150558<br \/>\nDI\u010c: CZ29150558<br \/>\n[\/us_iconbox][\/vc_column_inner][vc_column_inner width=&#8220;1\/4&#8243;][us_iconbox icon=&#8220;gavel&#8220; title=&#8220;Advok\u00e1tn\u00ed kancel\u00e1\u0159<br \/>\nHalva &amp; Olej\u00e1r&#8220; title_tag=&#8220;h5&#8243;]Vinohrady 45<br \/>\n639 00 Brno<br \/>\nI\u010c: 29371473<br \/>\nDI\u010c: CZ29371473[\/us_iconbox][\/vc_column_inner][\/vc_row_inner][\/vc_column][\/vc_row][vc_row columns_type=&#8220;boxes&#8220; height=&#8220;auto&#8220; width=&#8220;full&#8220; color_scheme=&#8220;primary&#8220; bg_type=&#8220;bg_color&#8220; el_id=&#8220;contact&#8220; bg_color_value=&#8220;#ffffff&#8220;][vc_column width=&#8220;1\/3&#8243; css=&#8220;.vc_custom_1505730350173{padding-top: 0px !important;padding-right: 0px !important;padding-bottom: 0px !important;padding-left: 0px !important;}&#8220;][us_gmaps marker_address=&#8220;Evropsk\u00e1 2588\/33A, Praha 6 &#8211; Dejvice (Hadovka Office Park, budova A)&#8220; marker_text=&#8220;JUM0JThDZXNrJUMzJUExJTIwaW5rYXNuJUMzJUFEJTIwc3BvbGUlQzQlOERub3N0JTIwcy5yLm8uJTBBRXZyb3BzayVDMyVBMSUyMDI1ODglMkYzM0ElMkMlMEExNjAlMjAwMCUyMFByYWhhJTIwNiUyMC0lMjBEZWp2aWNlJTBBJTI4SGFkb3ZrYSUyME9mZmljZSUyMFBhcmslMkMlMjBidWRvdmElMjBBJTI5&#8243; height=&#8220;600&#8243; zoom=&#8220;13&#8243; custom_marker_img=&#8220;6020&#8243; custom_marker_size=&#8220;40&#8243; markers=&#8220;%5B%7B%7D%5D&#8220;][\/vc_column][vc_column text_color=&#8220;#000000&#8243; width=&#8220;1\/3&#8243; css=&#8220;.vc_custom_1507113359363{padding-bottom: 40px !important;background-color: #fcc423 !important;}&#8220;][vc_column_text]<\/p>\n<h2>Kontakt<\/h2>\n<p>Jsme V\u00e1m k\u00a0dispozici:<br \/>\nPo \u2013 \u010ct <strong>8,00 &#8211; 15,00<\/strong><br \/>\nP\u00e1 \u2013 <strong>8,00 &#8211; 14,00<\/strong><\/p>\n<p>Telefon: <strong>222\u00a0351\u00a0810<\/strong><br \/>\nEmail: <strong>info@inkaska.cz<\/strong><br \/>\nDatov\u00e1 schr\u00e1nka: <strong>2tmrkxh<\/strong><\/p>\n<p>Evropsk\u00e1 2588\/33A,<br \/>\n160 00 Praha 6 &#8211; Dejvice<br \/>\n(Hadovka Office Park, budova A)<br \/>\nI\u010c: 03515672[\/vc_column_text][\/vc_column][vc_column text_color=&#8220;#000000&#8243; width=&#8220;1\/3&#8243; css=&#8220;.vc_custom_1507113370834{padding-bottom: 40px !important;}&#8220;][vc_column_text]<\/p>\n<h2>Napi\u0161te n\u00e1m<\/h2>\n<p>[\/vc_column_text][contact-form-7 id=&#8220;5&#8243;][\/vc_column][\/vc_row]<\/p>\n","protected":false},"excerpt":{"rendered":"<p>[vc_row height=&#8220;full&#8220; us_bg_image=&#8220;5992&#8243; us_bg_size=&#8220;contain&#8220; us_bg_repeat=&#8220;no-repeat&#8220; us_bg_pos=&#8220;bottom left&#8220; us_bg_parallax=&#8220;still&#8220; us_bg_overlay_color=&#8220;rgba(0,0,0,0.03)&#8220; el_class=&#8220;remove_bg_xs&#8220;][vc_column animate=&#8220;aft&#8220; animate_delay=&#8220;1&#8243;][us_separator type=&#8220;invisible&#8220;][vc_custom_heading text=&#8220;VYM\u00c1H\u00c1ME POHLED\u00c1VKY&#8220; font_container=&#8220;tag:h1|text_align:center|color:%23000000|line_height:1.1&#8243; use_theme_fonts=&#8220;yes&#8220; el_class=&#8220;no-margin&#8220;][cl-itext texts=&#8220;RYCHLE EFEKTIVN\u011a SPOLEHLIV\u011a&#8220; dynamic_bold=&#8220;&#8220; delay=&#8220;3&#8243; font_size=&#8220;&#8220; font_size_mobile=&#8220;&#8220; color=&#8220;#000000&#8243; dynamic_color=&#8220;#d33f3f&#8220;][us_btn text=&#8220;Poj\u010fme na to&#8220; link=&#8220;url:%23about&#8220; align=&#8220;center&#8220; icon=&#8220;keyboard arrow down&#8220; iconpos=&#8220;right&#8220; hover=&#8220;secondary&#8220; outlined=&#8220;yes&#8220; hide_icon=&#8220;yes&#8220; bolded=&#8220;yes&#8220;][\/vc_column][\/vc_row][vc_row content_placement=&#8220;middle&#8220; height=&#8220;large&#8220; el_id=&#8220;about&#8220;][vc_column width=&#8220;7\/12&#8243;][vc_column_text] Jsme \u010cesk\u00e1 inkasn\u00ed spole\u010dnost Sv\u00fdmi kvalitn\u00edmi a profesion\u00e1ln\u00edmi slu\u017ebami V\u00e1m r\u00e1di [&hellip;]<\/p>\n","protected":false},"author":1,"featured_media":0,"parent":0,"menu_order":0,"comment_status":"closed","ping_status":"closed","template":"","meta":{"footnotes":""},"class_list":["post-421","page","type-page","status-publish","hentry"],"_links":{"self":[{"href":"https:\/\/www.inkaska.cz\/index.php?rest_route=\/wp\/v2\/pages\/421","targetHints":{"allow":["GET"]}}],"collection":[{"href":"https:\/\/www.inkaska.cz\/index.php?rest_route=\/wp\/v2\/pages"}],"about":[{"href":"https:\/\/www.inkaska.cz\/index.php?rest_route=\/wp\/v2\/types\/page"}],"author":[{"embeddable":true,"href":"https:\/\/www.inkaska.cz\/index.php?rest_route=\/wp\/v2\/users\/1"}],"replies":[{"embeddable":true,"href":"https:\/\/www.inkaska.cz\/index.php?rest_route=%2Fwp%2Fv2%2Fcomments&post=421"}],"version-history":[{"count":91,"href":"https:\/\/www.inkaska.cz\/index.php?rest_route=\/wp\/v2\/pages\/421\/revisions"}],"predecessor-version":[{"id":6217,"href":"https:\/\/www.inkaska.cz\/index.php?rest_route=\/wp\/v2\/pages\/421\/revisions\/6217"}],"wp:attachment":[{"href":"https:\/\/www.inkaska.cz\/index.php?rest_route=%2Fwp%2Fv2%2Fmedia&parent=421"}],"curies":[{"name":"wp","href":"https:\/\/api.w.org\/{rel}","templated":true}]}}